{"id":1437,"date":"2025-04-22T11:56:06","date_gmt":"2025-04-22T09:56:06","guid":{"rendered":"https:\/\/halodevas.com\/es\/?post_type=product&#038;p=1437"},"modified":"2025-04-22T13:48:40","modified_gmt":"2025-04-22T11:48:40","slug":"perfume-anti-ansiedad","status":"publish","type":"product","link":"https:\/\/halodevas.com\/es\/product\/perfume-anti-ansiedad\/","title":{"rendered":"Perfume anti-ansiedad"},"content":{"rendered":"<div class=\"product__description rte quick-add-hidden\">\n<p>La f\u00f3rmula con propiedades terap\u00e9uticas comprobadas cient\u00edficamente te brinda bienestar y calma ante estados nerviosos.<\/p>\n<p>15 ml de Aromaterapia en un pr\u00e1ctico y elegante formato.<\/p>\n<\/div>\n","protected":false},"excerpt":{"rendered":"<p>Complementa tu fragancia con nuestro aceite roll-on para aliviar la ansiedad.<\/p>\n<p>Tama\u00f1o: 15ml.<\/p>\n","protected":false},"featured_media":1486,"template":"","meta":{"_kadence_starter_templates_imported_post":false,"_kad_post_transparent":"default","_kad_post_title":"","_kad_post_layout":"default","_kad_post_sidebar_id":"","_kad_post_content_style":"default","_kad_post_vertical_padding":"default","_kad_post_feature":"","_kad_post_feature_position":"","_kad_post_header":false,"_kad_post_footer":false,"_kad_post_classname":""},"product_brand":[],"product_cat":[27],"product_tag":[],"class_list":{"0":"post-1437","1":"product","2":"type-product","3":"status-publish","4":"has-post-thumbnail","6":"product_cat-cosmetica-natural","8":"first","9":"instock","10":"taxable","11":"shipping-taxable","12":"purchasable","13":"product-type-simple","14":"entry","15":"content-bg","16":"loop-entry"},"_links":{"self":[{"href":"https:\/\/halodevas.com\/es\/wp-json\/wp\/v2\/product\/1437","targetHints":{"allow":["GET"]}}],"collection":[{"href":"https:\/\/halodevas.com\/es\/wp-json\/wp\/v2\/product"}],"about":[{"href":"https:\/\/halodevas.com\/es\/wp-json\/wp\/v2\/types\/product"}],"wp:featuredmedia":[{"embeddable":true,"href":"https:\/\/halodevas.com\/es\/wp-json\/wp\/v2\/media\/1486"}],"wp:attachment":[{"href":"https:\/\/halodevas.com\/es\/wp-json\/wp\/v2\/media?parent=1437"}],"wp:term":[{"taxonomy":"product_brand","embeddable":true,"href":"https:\/\/halodevas.com\/es\/wp-json\/wp\/v2\/product_brand?post=1437"},{"taxonomy":"product_cat","embeddable":true,"href":"https:\/\/halodevas.com\/es\/wp-json\/wp\/v2\/product_cat?post=1437"},{"taxonomy":"product_tag","embeddable":true,"href":"https:\/\/halodevas.com\/es\/wp-json\/wp\/v2\/product_tag?post=1437"}],"curies":[{"name":"wp","href":"https:\/\/api.w.org\/{rel}","templated":true}]}}