{"id":1436,"date":"2025-04-22T11:53:09","date_gmt":"2025-04-22T09:53:09","guid":{"rendered":"https:\/\/halodevas.com\/es\/?post_type=product&#038;p=1436"},"modified":"2025-04-22T13:49:08","modified_gmt":"2025-04-22T11:49:08","slug":"serum-facial-de-aloe-vera-con-lavanda","status":"publish","type":"product","link":"https:\/\/halodevas.com\/es\/product\/serum-facial-de-aloe-vera-con-lavanda\/","title":{"rendered":"Serum facial de Aloe Vera con Lavanda"},"content":{"rendered":"<p>Todo en uno para darle a tu rostro, no solo los mejores minerales, sino tambien el mejor descanso.<\/p>\n<p>Recomendamos su uso por la noche, aunque sin problema se podr\u00eda aplicar por las ma\u00f1anas, despu\u00e9s de limpiar el rostro.\u00a0Despu\u00e9s, a\u00f1adir tu crema de ma\u00f1ana o de noche.<\/p>\n","protected":false},"excerpt":{"rendered":"<div class=\"product__description rte quick-add-hidden\">\n<p>Fusionamos las propiedades hidratantes y rejuvenecedoras del Jugo natural de aloe vera junto con las las calmantes y terap\u00e9uticas del aceite esencial de Lavanda.<\/p>\n<\/div>\n","protected":false},"featured_media":1487,"template":"","meta":{"_kadence_starter_templates_imported_post":false,"_kad_post_transparent":"default","_kad_post_title":"","_kad_post_layout":"default","_kad_post_sidebar_id":"","_kad_post_content_style":"default","_kad_post_vertical_padding":"default","_kad_post_feature":"","_kad_post_feature_position":"","_kad_post_header":false,"_kad_post_footer":false,"_kad_post_classname":""},"product_brand":[],"product_cat":[27],"product_tag":[],"class_list":{"0":"post-1436","1":"product","2":"type-product","3":"status-publish","4":"has-post-thumbnail","6":"product_cat-cosmetica-natural","8":"first","9":"instock","10":"taxable","11":"shipping-taxable","12":"purchasable","13":"product-type-simple","14":"entry","15":"content-bg","16":"loop-entry"},"_links":{"self":[{"href":"https:\/\/halodevas.com\/es\/wp-json\/wp\/v2\/product\/1436","targetHints":{"allow":["GET"]}}],"collection":[{"href":"https:\/\/halodevas.com\/es\/wp-json\/wp\/v2\/product"}],"about":[{"href":"https:\/\/halodevas.com\/es\/wp-json\/wp\/v2\/types\/product"}],"wp:featuredmedia":[{"embeddable":true,"href":"https:\/\/halodevas.com\/es\/wp-json\/wp\/v2\/media\/1487"}],"wp:attachment":[{"href":"https:\/\/halodevas.com\/es\/wp-json\/wp\/v2\/media?parent=1436"}],"wp:term":[{"taxonomy":"product_brand","embeddable":true,"href":"https:\/\/halodevas.com\/es\/wp-json\/wp\/v2\/product_brand?post=1436"},{"taxonomy":"product_cat","embeddable":true,"href":"https:\/\/halodevas.com\/es\/wp-json\/wp\/v2\/product_cat?post=1436"},{"taxonomy":"product_tag","embeddable":true,"href":"https:\/\/halodevas.com\/es\/wp-json\/wp\/v2\/product_tag?post=1436"}],"curies":[{"name":"wp","href":"https:\/\/api.w.org\/{rel}","templated":true}]}}