{"id":1424,"date":"2025-04-22T11:39:56","date_gmt":"2025-04-22T09:39:56","guid":{"rendered":"https:\/\/halodevas.com\/es\/?post_type=product&#038;p=1424"},"modified":"2025-04-24T19:59:16","modified_gmt":"2025-04-24T17:59:16","slug":"aloe-vera-natural-en-trozos","status":"publish","type":"product","link":"https:\/\/halodevas.com\/es\/product\/aloe-vera-natural-en-trozos\/","title":{"rendered":"Aloe vera natural en trozos"},"content":{"rendered":"<p>Utilidades internas:<\/p>\n<ul>\n<li>coma 1-2 trozos antes de las comidas. Aporta nutrientes al organismo, a la vez calma y regenera la mucosa bucal, enc\u00edas, paladar, lengua, etc.<\/li>\n<li>tomar un batido con frutas o verduras. ( aloe + pi\u00f1a\/papaya mejora la circulaci\u00f3n y p\u00e9rdida de peso; aloe + pepino ; aloe+lim\u00f3n+miel; aloe+genjibre+miel).<\/li>\n<li>batido de aloe = aportaci\u00f3n de todos los amino\u00e1cidos para deportistas.<\/li>\n<li>agregue cualquier tipo de ensalada.<\/li>\n<li>hacer un sorbete tras una comida copiosa.<\/li>\n<\/ul>\n<p>Utilidades externas:<\/p>\n<ul>\n<li>Aplicar sobre cualquier quemadura.<\/li>\n<li>sobre heridas, rozaduras, etc.<\/li>\n<li>para combatir las hemorroides internas y externas. Poner un trozo como un supositorio.<\/li>\n<\/ul>\n","protected":false},"excerpt":{"rendered":"<p>Trozo de hoja de aloe vera pelada estabilizado con jugo de aloe vera.<\/p>\n<p>Se pueden utilizar de forma externa o ingerida, como si de la propia hoja se tratase.<\/p>\n","protected":false},"featured_media":1492,"template":"","meta":{"_kadence_starter_templates_imported_post":false,"_kad_post_transparent":"default","_kad_post_title":"","_kad_post_layout":"default","_kad_post_sidebar_id":"","_kad_post_content_style":"default","_kad_post_vertical_padding":"default","_kad_post_feature":"","_kad_post_feature_position":"","_kad_post_header":false,"_kad_post_footer":false,"_kad_post_classname":""},"product_brand":[],"product_cat":[28],"product_tag":[],"class_list":{"0":"post-1424","1":"product","2":"type-product","3":"status-publish","4":"has-post-thumbnail","6":"product_cat-aloe-vera","8":"first","9":"instock","10":"taxable","11":"shipping-taxable","12":"purchasable","13":"product-type-variable","14":"entry","15":"content-bg","16":"loop-entry"},"_links":{"self":[{"href":"https:\/\/halodevas.com\/es\/wp-json\/wp\/v2\/product\/1424","targetHints":{"allow":["GET"]}}],"collection":[{"href":"https:\/\/halodevas.com\/es\/wp-json\/wp\/v2\/product"}],"about":[{"href":"https:\/\/halodevas.com\/es\/wp-json\/wp\/v2\/types\/product"}],"wp:featuredmedia":[{"embeddable":true,"href":"https:\/\/halodevas.com\/es\/wp-json\/wp\/v2\/media\/1492"}],"wp:attachment":[{"href":"https:\/\/halodevas.com\/es\/wp-json\/wp\/v2\/media?parent=1424"}],"wp:term":[{"taxonomy":"product_brand","embeddable":true,"href":"https:\/\/halodevas.com\/es\/wp-json\/wp\/v2\/product_brand?post=1424"},{"taxonomy":"product_cat","embeddable":true,"href":"https:\/\/halodevas.com\/es\/wp-json\/wp\/v2\/product_cat?post=1424"},{"taxonomy":"product_tag","embeddable":true,"href":"https:\/\/halodevas.com\/es\/wp-json\/wp\/v2\/product_tag?post=1424"}],"curies":[{"name":"wp","href":"https:\/\/api.w.org\/{rel}","templated":true}]}}