{"id":1417,"date":"2025-04-22T11:11:08","date_gmt":"2025-04-22T09:11:08","guid":{"rendered":"https:\/\/halodevas.com\/es\/?post_type=product&#038;p=1417"},"modified":"2025-04-22T13:53:47","modified_gmt":"2025-04-22T11:53:47","slug":"aloe-vera-natural-pencas","status":"publish","type":"product","link":"https:\/\/halodevas.com\/es\/product\/aloe-vera-natural-pencas\/","title":{"rendered":"Aloe vera natural Pencas"},"content":{"rendered":"<div class=\"product__description rte quick-add-hidden\">\n<p>La hoja (penca) de aloe contiene un gel transparente que se utiliza para tratar quemaduras, irritaciones de la piel y otras afecciones. Para usar una hoja de aloe vera, simplemente cortas un trozo limpio de aloe, partes por la mitad y aplicas el gel directamente sobre la piel afectada.<\/p>\n<p>Hay que tener en cuenta que algunas personas pueden tener alergia al gel de aloe, as\u00ed que se recomienda hacer una prueba poniendo peque\u00f1a cantidad del gel sobre la parte interna de codo. Enrojecimiento de la piel indica s\u00edntomas que tienes tomar las precauciones con este producto.<\/p>\n<\/div>\n","protected":false},"excerpt":{"rendered":"<p>La hoja (penca) de aloe contiene un gel transparente que se utiliza para tratar quemaduras, irritaciones de la piel y otras afecciones.<\/p>\n","protected":false},"featured_media":1494,"template":"","meta":{"_kadence_starter_templates_imported_post":false,"_kad_post_transparent":"default","_kad_post_title":"","_kad_post_layout":"default","_kad_post_sidebar_id":"","_kad_post_content_style":"default","_kad_post_vertical_padding":"default","_kad_post_feature":"","_kad_post_feature_position":"","_kad_post_header":false,"_kad_post_footer":false,"_kad_post_classname":""},"product_brand":[],"product_cat":[28],"product_tag":[],"class_list":{"0":"post-1417","1":"product","2":"type-product","3":"status-publish","4":"has-post-thumbnail","6":"product_cat-aloe-vera","8":"first","9":"instock","10":"sale","11":"taxable","12":"shipping-taxable","13":"purchasable","14":"product-type-variable","15":"entry","16":"content-bg","17":"loop-entry"},"_links":{"self":[{"href":"https:\/\/halodevas.com\/es\/wp-json\/wp\/v2\/product\/1417","targetHints":{"allow":["GET"]}}],"collection":[{"href":"https:\/\/halodevas.com\/es\/wp-json\/wp\/v2\/product"}],"about":[{"href":"https:\/\/halodevas.com\/es\/wp-json\/wp\/v2\/types\/product"}],"wp:featuredmedia":[{"embeddable":true,"href":"https:\/\/halodevas.com\/es\/wp-json\/wp\/v2\/media\/1494"}],"wp:attachment":[{"href":"https:\/\/halodevas.com\/es\/wp-json\/wp\/v2\/media?parent=1417"}],"wp:term":[{"taxonomy":"product_brand","embeddable":true,"href":"https:\/\/halodevas.com\/es\/wp-json\/wp\/v2\/product_brand?post=1417"},{"taxonomy":"product_cat","embeddable":true,"href":"https:\/\/halodevas.com\/es\/wp-json\/wp\/v2\/product_cat?post=1417"},{"taxonomy":"product_tag","embeddable":true,"href":"https:\/\/halodevas.com\/es\/wp-json\/wp\/v2\/product_tag?post=1417"}],"curies":[{"name":"wp","href":"https:\/\/api.w.org\/{rel}","templated":true}]}}